{"id":30,"date":"2024-11-28T10:48:23","date_gmt":"2024-11-28T10:48:23","guid":{"rendered":"https:\/\/markopartners.com\/?page_id=30"},"modified":"2024-12-11T12:58:47","modified_gmt":"2024-12-11T12:58:47","slug":"front-page","status":"publish","type":"page","link":"https:\/\/markopartners.com\/","title":{"rendered":"Front page"},"content":{"rendered":"\t\t<div data-elementor-type=\"wp-page\" data-elementor-id=\"30\" class=\"elementor elementor-30\" data-elementor-post-type=\"page\">\n\t\t\t\t<div class=\"elementor-element elementor-element-05b99ca e-con-full e-flex e-con e-parent\" data-id=\"05b99ca\" data-element_type=\"container\" data-settings=\"{&quot;background_background&quot;:&quot;classic&quot;}\">\n\t\t<div class=\"elementor-element elementor-element-6f3d800 e-con-full e-flex e-con e-child\" data-id=\"6f3d800\" data-element_type=\"container\">\n\t\t\t\t<div class=\"elementor-element elementor-element-e249271 elementor-widget elementor-widget-image\" data-id=\"e249271\" data-element_type=\"widget\" data-widget_type=\"image.default\">\n\t\t\t\t<div class=\"elementor-widget-container\">\n\t\t\t\t\t\t\t\t\t\t\t\t\t<img fetchpriority=\"high\" decoding=\"async\" width=\"475\" height=\"525\" src=\"https:\/\/markopartners.com\/wp-content\/uploads\/2024\/12\/MARKO-logo_transparent.png\" class=\"attachment-large size-large wp-image-143\" alt=\"\" srcset=\"https:\/\/markopartners.com\/wp-content\/uploads\/2024\/12\/MARKO-logo_transparent.png 475w, https:\/\/markopartners.com\/wp-content\/uploads\/2024\/12\/MARKO-logo_transparent-271x300.png 271w\" sizes=\"(max-width: 475px) 100vw, 475px\" \/>\t\t\t\t\t\t\t\t\t\t\t\t\t<\/div>\n\t\t\t\t<\/div>\n\t\t\t\t<\/div>\n\t\t<div class=\"elementor-element elementor-element-a58a169 e-con-full e-flex e-con e-child\" data-id=\"a58a169\" data-element_type=\"container\" data-settings=\"{&quot;position&quot;:&quot;absolute&quot;}\">\n\t\t\t\t<div class=\"elementor-element elementor-element-f50e9b5 elementor-widget elementor-widget-heading\" data-id=\"f50e9b5\" data-element_type=\"widget\" data-widget_type=\"heading.default\">\n\t\t\t\t<div class=\"elementor-widget-container\">\n\t\t\t<h1 class=\"elementor-heading-title elementor-size-default\">Mark\u00f3  Partners<\/h1>\t\t<\/div>\n\t\t\t\t<\/div>\n\t\t\t\t<div class=\"elementor-element elementor-element-5688af7 elementor-widget elementor-widget-heading\" data-id=\"5688af7\" data-element_type=\"widget\" data-widget_type=\"heading.default\">\n\t\t\t\t<div class=\"elementor-widget-container\">\n\t\t\t<p class=\"elementor-heading-title elementor-size-default\">Vesturgata 42\n<\/p>\t\t<\/div>\n\t\t\t\t<\/div>\n\t\t\t\t<div class=\"elementor-element elementor-element-274bcd2 elementor-widget elementor-widget-heading\" data-id=\"274bcd2\" data-element_type=\"widget\" data-widget_type=\"heading.default\">\n\t\t\t\t<div class=\"elementor-widget-container\">\n\t\t\t<p class=\"elementor-heading-title elementor-size-default\">101 Reykjav\u00edk, Iceland<\/p>\t\t<\/div>\n\t\t\t\t<\/div>\n\t\t\t\t<div class=\"elementor-element elementor-element-647ed8d elementor-widget elementor-widget-heading\" data-id=\"647ed8d\" data-element_type=\"widget\" data-widget_type=\"heading.default\">\n\t\t\t\t<div class=\"elementor-widget-container\">\n\t\t\t<p class=\"elementor-heading-title elementor-size-default\"><a href=\"tel:+(354)%20512%206500\">+(354) 512 6500<\/a><\/p>\t\t<\/div>\n\t\t\t\t<\/div>\n\t\t\t\t<div class=\"elementor-element elementor-element-2172d25 elementor-widget elementor-widget-heading\" data-id=\"2172d25\" data-element_type=\"widget\" data-widget_type=\"heading.default\">\n\t\t\t\t<div class=\"elementor-widget-container\">\n\t\t\t<p class=\"elementor-heading-title elementor-size-default\"><a href=\"mailto:marko@markopartners.com\">marko@markopartners.com<\/a><\/p>\t\t<\/div>\n\t\t\t\t<\/div>\n\t\t\t\t<\/div>\n\t\t\t\t<\/div>\n\t\t\t\t<\/div>\n\t\t","protected":false},"excerpt":{"rendered":"<p>Mark\u00f3 Partners Vesturgata 42 101 Reykjav\u00edk, Iceland +(354) 512 6500 marko@markopartners.com<\/p>\n","protected":false},"author":1,"featured_media":0,"parent":0,"menu_order":0,"comment_status":"closed","ping_status":"closed","template":"","meta":{"footnotes":""},"class_list":["post-30","page","type-page","status-publish","hentry"],"yoast_head":"<!-- This site is optimized with the Yoast SEO plugin v24.0 - https:\/\/yoast.com\/wordpress\/plugins\/seo\/ -->\n<title>Front page - Mark\u00f3 Partners ehf.<\/title>\n<meta name=\"robots\" content=\"index, follow, max-snippet:-1, max-image-preview:large, max-video-preview:-1\" \/>\n<link rel=\"canonical\" href=\"https:\/\/markopartners.com\/\" \/>\n<meta property=\"og:locale\" content=\"en_US\" \/>\n<meta property=\"og:type\" content=\"article\" \/>\n<meta property=\"og:title\" content=\"Front page - Mark\u00f3 Partners ehf.\" \/>\n<meta property=\"og:description\" content=\"Mark\u00f3 Partners Vesturgata 42 101 Reykjav\u00edk, Iceland +(354) 512 6500 marko@markopartners.com\" \/>\n<meta property=\"og:url\" content=\"https:\/\/markopartners.com\/\" \/>\n<meta property=\"og:site_name\" content=\"Mark\u00f3 Partners ehf.\" \/>\n<meta property=\"article:modified_time\" content=\"2024-12-11T12:58:47+00:00\" \/>\n<meta property=\"og:image\" content=\"https:\/\/markopartners.com\/wp-content\/uploads\/2024\/12\/MARKO-logo_transparent.png\" \/>\n\t<meta property=\"og:image:width\" content=\"475\" \/>\n\t<meta property=\"og:image:height\" content=\"525\" \/>\n\t<meta property=\"og:image:type\" content=\"image\/png\" \/>\n<meta name=\"twitter:card\" content=\"summary_large_image\" \/>\n<meta name=\"twitter:label1\" content=\"Est. reading time\" \/>\n\t<meta name=\"twitter:data1\" content=\"1 minute\" \/>\n<script type=\"application\/ld+json\" class=\"yoast-schema-graph\">{\"@context\":\"https:\/\/schema.org\",\"@graph\":[{\"@type\":\"WebPage\",\"@id\":\"https:\/\/markopartners.com\/\",\"url\":\"https:\/\/markopartners.com\/\",\"name\":\"Front page - Mark\u00f3 Partners ehf.\",\"isPartOf\":{\"@id\":\"https:\/\/markopartners.com\/#website\"},\"primaryImageOfPage\":{\"@id\":\"https:\/\/markopartners.com\/#primaryimage\"},\"image\":{\"@id\":\"https:\/\/markopartners.com\/#primaryimage\"},\"thumbnailUrl\":\"https:\/\/markopartners.com\/wp-content\/uploads\/2024\/12\/MARKO-logo_transparent.png\",\"datePublished\":\"2024-11-28T10:48:23+00:00\",\"dateModified\":\"2024-12-11T12:58:47+00:00\",\"breadcrumb\":{\"@id\":\"https:\/\/markopartners.com\/#breadcrumb\"},\"inLanguage\":\"en-US\",\"potentialAction\":[{\"@type\":\"ReadAction\",\"target\":[\"https:\/\/markopartners.com\/\"]}]},{\"@type\":\"ImageObject\",\"inLanguage\":\"en-US\",\"@id\":\"https:\/\/markopartners.com\/#primaryimage\",\"url\":\"https:\/\/markopartners.com\/wp-content\/uploads\/2024\/12\/MARKO-logo_transparent.png\",\"contentUrl\":\"https:\/\/markopartners.com\/wp-content\/uploads\/2024\/12\/MARKO-logo_transparent.png\",\"width\":475,\"height\":525},{\"@type\":\"BreadcrumbList\",\"@id\":\"https:\/\/markopartners.com\/#breadcrumb\",\"itemListElement\":[{\"@type\":\"ListItem\",\"position\":1,\"name\":\"Home\",\"item\":\"https:\/\/markopartners.com\/\"},{\"@type\":\"ListItem\",\"position\":2,\"name\":\"Front page\"}]},{\"@type\":\"WebSite\",\"@id\":\"https:\/\/markopartners.com\/#website\",\"url\":\"https:\/\/markopartners.com\/\",\"name\":\"Mark\u00f3 Partners ehf.\",\"description\":\"Seafood consultancy\",\"publisher\":{\"@id\":\"https:\/\/markopartners.com\/#organization\"},\"potentialAction\":[{\"@type\":\"SearchAction\",\"target\":{\"@type\":\"EntryPoint\",\"urlTemplate\":\"https:\/\/markopartners.com\/?s={search_term_string}\"},\"query-input\":{\"@type\":\"PropertyValueSpecification\",\"valueRequired\":true,\"valueName\":\"search_term_string\"}}],\"inLanguage\":\"en-US\"},{\"@type\":\"Organization\",\"@id\":\"https:\/\/markopartners.com\/#organization\",\"name\":\"Mark\u00f3 Partners ehf.\",\"url\":\"https:\/\/markopartners.com\/\",\"logo\":{\"@type\":\"ImageObject\",\"inLanguage\":\"en-US\",\"@id\":\"https:\/\/markopartners.com\/#\/schema\/logo\/image\/\",\"url\":\"https:\/\/markopartners.com\/wp-content\/uploads\/2024\/11\/MARKO-logo_A_icon.png\",\"contentUrl\":\"https:\/\/markopartners.com\/wp-content\/uploads\/2024\/11\/MARKO-logo_A_icon.png\",\"width\":463,\"height\":512,\"caption\":\"Mark\u00f3 Partners ehf.\"},\"image\":{\"@id\":\"https:\/\/markopartners.com\/#\/schema\/logo\/image\/\"},\"sameAs\":[\"https:\/\/www.linkedin.com\/company\/marko-partners\"]}]}<\/script>\n<!-- \/ Yoast SEO plugin. -->","yoast_head_json":{"title":"Front page - Mark\u00f3 Partners ehf.","robots":{"index":"index","follow":"follow","max-snippet":"max-snippet:-1","max-image-preview":"max-image-preview:large","max-video-preview":"max-video-preview:-1"},"canonical":"https:\/\/markopartners.com\/","og_locale":"en_US","og_type":"article","og_title":"Front page - Mark\u00f3 Partners ehf.","og_description":"Mark\u00f3 Partners Vesturgata 42 101 Reykjav\u00edk, Iceland +(354) 512 6500 marko@markopartners.com","og_url":"https:\/\/markopartners.com\/","og_site_name":"Mark\u00f3 Partners ehf.","article_modified_time":"2024-12-11T12:58:47+00:00","og_image":[{"width":475,"height":525,"url":"https:\/\/markopartners.com\/wp-content\/uploads\/2024\/12\/MARKO-logo_transparent.png","type":"image\/png"}],"twitter_card":"summary_large_image","twitter_misc":{"Est. reading time":"1 minute"},"schema":{"@context":"https:\/\/schema.org","@graph":[{"@type":"WebPage","@id":"https:\/\/markopartners.com\/","url":"https:\/\/markopartners.com\/","name":"Front page - Mark\u00f3 Partners ehf.","isPartOf":{"@id":"https:\/\/markopartners.com\/#website"},"primaryImageOfPage":{"@id":"https:\/\/markopartners.com\/#primaryimage"},"image":{"@id":"https:\/\/markopartners.com\/#primaryimage"},"thumbnailUrl":"https:\/\/markopartners.com\/wp-content\/uploads\/2024\/12\/MARKO-logo_transparent.png","datePublished":"2024-11-28T10:48:23+00:00","dateModified":"2024-12-11T12:58:47+00:00","breadcrumb":{"@id":"https:\/\/markopartners.com\/#breadcrumb"},"inLanguage":"en-US","potentialAction":[{"@type":"ReadAction","target":["https:\/\/markopartners.com\/"]}]},{"@type":"ImageObject","inLanguage":"en-US","@id":"https:\/\/markopartners.com\/#primaryimage","url":"https:\/\/markopartners.com\/wp-content\/uploads\/2024\/12\/MARKO-logo_transparent.png","contentUrl":"https:\/\/markopartners.com\/wp-content\/uploads\/2024\/12\/MARKO-logo_transparent.png","width":475,"height":525},{"@type":"BreadcrumbList","@id":"https:\/\/markopartners.com\/#breadcrumb","itemListElement":[{"@type":"ListItem","position":1,"name":"Home","item":"https:\/\/markopartners.com\/"},{"@type":"ListItem","position":2,"name":"Front page"}]},{"@type":"WebSite","@id":"https:\/\/markopartners.com\/#website","url":"https:\/\/markopartners.com\/","name":"Mark\u00f3 Partners ehf.","description":"Seafood consultancy","publisher":{"@id":"https:\/\/markopartners.com\/#organization"},"potentialAction":[{"@type":"SearchAction","target":{"@type":"EntryPoint","urlTemplate":"https:\/\/markopartners.com\/?s={search_term_string}"},"query-input":{"@type":"PropertyValueSpecification","valueRequired":true,"valueName":"search_term_string"}}],"inLanguage":"en-US"},{"@type":"Organization","@id":"https:\/\/markopartners.com\/#organization","name":"Mark\u00f3 Partners ehf.","url":"https:\/\/markopartners.com\/","logo":{"@type":"ImageObject","inLanguage":"en-US","@id":"https:\/\/markopartners.com\/#\/schema\/logo\/image\/","url":"https:\/\/markopartners.com\/wp-content\/uploads\/2024\/11\/MARKO-logo_A_icon.png","contentUrl":"https:\/\/markopartners.com\/wp-content\/uploads\/2024\/11\/MARKO-logo_A_icon.png","width":463,"height":512,"caption":"Mark\u00f3 Partners ehf."},"image":{"@id":"https:\/\/markopartners.com\/#\/schema\/logo\/image\/"},"sameAs":["https:\/\/www.linkedin.com\/company\/marko-partners"]}]}},"_links":{"self":[{"href":"https:\/\/markopartners.com\/index.php\/wp-json\/wp\/v2\/pages\/30","targetHints":{"allow":["GET"]}}],"collection":[{"href":"https:\/\/markopartners.com\/index.php\/wp-json\/wp\/v2\/pages"}],"about":[{"href":"https:\/\/markopartners.com\/index.php\/wp-json\/wp\/v2\/types\/page"}],"author":[{"embeddable":true,"href":"https:\/\/markopartners.com\/index.php\/wp-json\/wp\/v2\/users\/1"}],"replies":[{"embeddable":true,"href":"https:\/\/markopartners.com\/index.php\/wp-json\/wp\/v2\/comments?post=30"}],"version-history":[{"count":103,"href":"https:\/\/markopartners.com\/index.php\/wp-json\/wp\/v2\/pages\/30\/revisions"}],"predecessor-version":[{"id":167,"href":"https:\/\/markopartners.com\/index.php\/wp-json\/wp\/v2\/pages\/30\/revisions\/167"}],"wp:attachment":[{"href":"https:\/\/markopartners.com\/index.php\/wp-json\/wp\/v2\/media?parent=30"}],"curies":[{"name":"wp","href":"https:\/\/api.w.org\/{rel}","templated":true}]}}